{"id":21,"date":"2023-10-14T22:09:28","date_gmt":"2023-10-14T20:09:28","guid":{"rendered":"https:\/\/www.protege.at\/Neu\/?page_id=21"},"modified":"2023-10-14T23:37:06","modified_gmt":"2023-10-14T21:37:06","slug":"impressum","status":"publish","type":"page","link":"https:\/\/www.protege.at\/Neu\/?page_id=21","title":{"rendered":"Impressum"},"content":{"rendered":"<p>[et_pb_section fb_built=&#8221;1&#8243; theme_builder_area=&#8221;post_content&#8221; _builder_version=&#8221;4.22.2&#8243; _module_preset=&#8221;default&#8221;][et_pb_row _builder_version=&#8221;4.22.2&#8243; _module_preset=&#8221;default&#8221; theme_builder_area=&#8221;post_content&#8221;][et_pb_column _builder_version=&#8221;4.22.2&#8243; _module_preset=&#8221;default&#8221; type=&#8221;4_4&#8243; theme_builder_area=&#8221;post_content&#8221;][et_pb_text _builder_version=&#8221;4.22.2&#8243; _module_preset=&#8221;default&#8221; theme_builder_area=&#8221;post_content&#8221; hover_enabled=&#8221;0&#8243; sticky_enabled=&#8221;0&#8243;]<\/p>\n<section id=\"agb-s\">\n<div id=\"BtAp5CURBHWTvq1D\">\n<div id=\"f9QGxdtVnXWC49NV\">\n<div id=\"PtBSyiOicmvc76Hj\">\n<div class=\"animation_container\">\n<div class=\"animated\">\n<div id=\"WZnxi2dShrLan9mJ\"><\/div>\n<\/div>\n<\/div>\n<\/div>\n<\/div>\n<\/div>\n<\/section>\n<section id=\"impressum\">\n<div id=\"BPd1o66Y8iQVbGM1\">\n<div id=\"f0d5R9cxC7R0Hwi9\">\n<div id=\"PJ1ngscIFxDgDsXh\">\n<div id=\"cilxr4u4YVlmr2Jz\">\n<p id=\"rXNUSPq07wJvh0At\"><span id=\"x1PvWXaONwTcskEs\">Impressum<\/span><\/p>\n<p id=\"AsTUBmmyaJDnAjQ6\"><span id=\"Jwg6zygAqtlhDVxB\">Informationen und Offenlegung gem\u00e4\u00df \u00a75 (1) ECG, \u00a7 25 MedienG, \u00a7 63 GewO und \u00a7 14 UGB<\/span><\/p>\n<p id=\"VfswCYSZzAr15oXk\"><span id=\"n32c9hzkybELOgs3\">Webseitenbetreiber: Muhamed Tabakovic<\/span><\/p>\n<p id=\"CuHMDRGFoM17g34p\"><span id=\"IGiVA85p1WZLZmst\">Anschrift: R\u00f6merweg 14 , 5162 Obertrum am See<\/span><\/p>\n<p id=\"dQtBwRrF4kn4s1pH\"><span id=\"kuTZL04bUf547Lly\">Gewerbeaufsichtbeh\u00f6rde: Bezirkshauptmannschaft Salzburg-Umgebung<\/span><\/p>\n<p id=\"JDHxYg7IIi839cI6\"><span id=\"iphKVCImrtKoswEo\">Kontaktdaten:<\/span><\/p>\n<p id=\"r5wORv3fv6oWWsRU\"><span id=\"ieIhRktIMBbyOErO\">Telefon: +43 676 57 33 574<\/span><\/p>\n<p id=\"YtlZXmXrliBa8uKO\"><span id=\"vPF6NnCMXDZctTt2\">Email: office@protege.at<\/span><\/p>\n<p id=\"ir68VIPZd7NXwT6M\"><span id=\"WqU4eg3jUYjl8zUT\">Anwendbare Rechtsvorschrift: www.ris.bka.gv.at<\/span><\/p>\n<p id=\"XLxgnSgZ8YKSR0MS\"><span id=\"AcgbfWOIMImErXOK\">Berufsbezeichnung:<\/span><\/p>\n<p id=\"uFGgM1YLmEyeI5xR\"><span id=\"OHXnGER9kfLBa81e\">Online Streitbeilegung: Verbraucher, welche in \u00d6sterreich oder in einem sonstigen Vertragsstaat der ODR-VO niedergelassen sind, haben die M\u00f6glichkeit Probleme bez\u00fcglich dem entgeltlichen Kauf von Waren oder Dienstleistungen im Rahmen einer Online-Streitbeilegung (nach OS, AStG) zu l\u00f6sen. Die Europa\u0308ische Kommission stellt eine Plattform hierf\u00fcr bereit: https:\/\/ec.europa.eu\/consumers\/odr<\/span><\/p>\n<p id=\"tzzntEuHSkf5YfhJ\"><span id=\"A9phiZCoQg4BZIyN\">Urheberrecht: Die Inhalte dieser Webseite unterliegen, soweit dies rechtlich m\u00f6glich ist, diversen Schutzrechten (z.B dem Urheberrecht). Jegliche Verwendung\/Verbreitung von bereitgestelltem Material, welche urheberrechtlich untersagt ist, bedarf schriftlicher Zustimmung des Webseitenbetreibers.<\/span><\/p>\n<p id=\"d0MA0luhjpp9PGZr\"><span id=\"N8jbzu1GrCOe64a4\">Haftungsausschluss: Trotz sorgf\u00e4ltiger inhaltlicher Kontrolle \u00fcbernimmt der Webseitenbetreiber dieser Webseite keine Haftung f\u00fcr die Inhalte externer Links. F\u00fcr den Inhalt der verlinkten Seiten sind ausschlie\u00dflich deren Betreiber verantwortlich. Sollten Sie dennoch auf ausgehende Links aufmerksam werden, welche auf eine Webseite mit rechtswidriger T\u00e4tigkeit\/Information verweisen, ersuchen wir um dementsprechenden Hinweis, um diese nach \u00a7 17 Abs. 2 ECG umgehend zu entfernen.<\/span><\/p>\n<p id=\"ZbnsCvLRH42K1u5H\"><span id=\"w2ESSDtgapUW47ZN\">Die Urheberrechte Dritter werden vom Betreiber dieser Webseite mit gr\u00f6\u00dfter Sorgfalt beachtet. Sollten Sie trotzdem auf eine Urheberrechtsverletzung aufmerksam werden, bitten wir um einen entsprechenden Hinweis. Bei Bekanntwerden derartiger Rechtsverletzungen werden wir den betroffenen Inhalt umgehend entfernen<\/span><\/p>\n<\/div>\n<\/div>\n<\/div>\n<\/div>\n<\/section>\n<p>[\/et_pb_text][\/et_pb_column][\/et_pb_row][\/et_pb_section]<\/p>\n","protected":false},"excerpt":{"rendered":"<p>Impressum Informationen und Offenlegung gem\u00e4\u00df \u00a75 (1) ECG, \u00a7 25 MedienG, \u00a7 63 GewO und \u00a7 14 UGB Webseitenbetreiber: Muhamed Tabakovic Anschrift: R\u00f6merweg 14 , 5162 Obertrum am See Gewerbeaufsichtbeh\u00f6rde: Bezirkshauptmannschaft Salzburg-Umgebung Kontaktdaten: Telefon: +43 676 57 33 574 Email: office@protege.at Anwendbare Rechtsvorschrift: www.ris.bka.gv.at Berufsbezeichnung: Online Streitbeilegung: Verbraucher, welche in \u00d6sterreich oder in einem sonstigen [&hellip;]<\/p>\n","protected":false},"author":1,"featured_media":0,"parent":0,"menu_order":0,"comment_status":"closed","ping_status":"closed","template":"","meta":{"_et_pb_use_builder":"on","_et_pb_old_content":"","_et_gb_content_width":"","footnotes":""},"class_list":["post-21","page","type-page","status-publish","hentry"],"_links":{"self":[{"href":"https:\/\/www.protege.at\/Neu\/index.php?rest_route=\/wp\/v2\/pages\/21","targetHints":{"allow":["GET"]}}],"collection":[{"href":"https:\/\/www.protege.at\/Neu\/index.php?rest_route=\/wp\/v2\/pages"}],"about":[{"href":"https:\/\/www.protege.at\/Neu\/index.php?rest_route=\/wp\/v2\/types\/page"}],"author":[{"embeddable":true,"href":"https:\/\/www.protege.at\/Neu\/index.php?rest_route=\/wp\/v2\/users\/1"}],"replies":[{"embeddable":true,"href":"https:\/\/www.protege.at\/Neu\/index.php?rest_route=%2Fwp%2Fv2%2Fcomments&post=21"}],"version-history":[{"count":2,"href":"https:\/\/www.protege.at\/Neu\/index.php?rest_route=\/wp\/v2\/pages\/21\/revisions"}],"predecessor-version":[{"id":106,"href":"https:\/\/www.protege.at\/Neu\/index.php?rest_route=\/wp\/v2\/pages\/21\/revisions\/106"}],"wp:attachment":[{"href":"https:\/\/www.protege.at\/Neu\/index.php?rest_route=%2Fwp%2Fv2%2Fmedia&parent=21"}],"curies":[{"name":"wp","href":"https:\/\/api.w.org\/{rel}","templated":true}]}}